{"id":3702,"date":"2023-08-05T21:47:18","date_gmt":"2023-08-05T21:47:18","guid":{"rendered":"https:\/\/riad-elisa.com\/restaurant\/"},"modified":"2023-08-26T18:24:31","modified_gmt":"2023-08-26T18:24:31","slug":"restaurant","status":"publish","type":"page","link":"https:\/\/riad-elisa.com\/fr\/restaurant\/","title":{"rendered":"Restaurant"},"content":{"rendered":"\t\t<div data-elementor-type=\"wp-page\" data-elementor-id=\"3702\" class=\"elementor elementor-3702 elementor-3282\" data-elementor-post-type=\"page\">\n\t\t\t\t\t\t\t\t\t<section class=\"elementor-section elementor-top-section elementor-element elementor-element-0e45c6d elementor-section-full_width elementor-section-height-default elementor-section-height-default\" data-id=\"0e45c6d\" data-element_type=\"section\">\n\t\t\t\t\t\t<div class=\"elementor-container elementor-column-gap-default\">\n\t\t\t\t\t<div class=\"elementor-column elementor-col-100 elementor-top-column elementor-element elementor-element-48e83b8\" data-id=\"48e83b8\" data-element_type=\"column\">\n\t\t\t<div class=\"elementor-widget-wrap elementor-element-populated\">\n\t\t\t\t\t\t\t\t<div class=\"elementor-element elementor-element-9f14a5b elementor-widget elementor-widget-heading\" data-id=\"9f14a5b\" data-element_type=\"widget\" data-widget_type=\"heading.default\">\n\t\t\t\t<div class=\"elementor-widget-container\">\n\t\t\t<h4 class=\"elementor-heading-title elementor-size-default\">L'art de la table\n<\/h4>\t\t<\/div>\n\t\t\t\t<\/div>\n\t\t\t\t<div class=\"elementor-element elementor-element-991ed49 elementor-widget elementor-widget-heading\" data-id=\"991ed49\" data-element_type=\"widget\" data-widget_type=\"heading.default\">\n\t\t\t\t<div class=\"elementor-widget-container\">\n\t\t\t<h3 class=\"elementor-heading-title elementor-size-default\">RESTAURANT & ROOFTOP\n<\/h3>\t\t<\/div>\n\t\t\t\t<\/div>\n\t\t\t\t<div class=\"elementor-element elementor-element-9b2ef13 elementor-widget elementor-widget-text-editor\" data-id=\"9b2ef13\" data-element_type=\"widget\" data-widget_type=\"text-editor.default\">\n\t\t\t\t<div class=\"elementor-widget-container\">\n\t\t\t\t\t\t\t<p>Commencez votre journ\u00e9e par un petit-d\u00e9jeuner tout en profitant du chant des oiseaux qui r\u00e9veille la d\u00e9licate tranquillit\u00e9 du patio principal du Riad Elisa. Choisissez entre un petit-d\u00e9jeuner fran\u00e7ais, anglais ou typiquement marocain, ou un m\u00e9lange des deux. L\u2019\u00e9nergie dont vous avez besoin pour d\u00e9couvrir les nombreux secrets de Marrakech.<\/p><p>\u00c0 la mi-journ\u00e9e, pour un repas l\u00e9ger et rafra\u00eechissant, le restaurant Max est la meilleure option avant de poursuivre votre itin\u00e9raire touristique. Une d\u00e9licieuse combinaison de la gastronomie espagnole et marocaine qui vous permettra de go\u00fbter \u00e0 de v\u00e9ritables charcuteries. Au coucher du soleil, un d\u00eener aux chandelles autour du Patio principal est une exp\u00e9rience marocaine enchanteresse : une explosion de saveurs.<\/p>\t\t\t\t\t\t<\/div>\n\t\t\t\t<\/div>\n\t\t\t\t\t<\/div>\n\t\t<\/div>\n\t\t\t\t\t\t\t<\/div>\n\t\t<\/section>\n\t\t\t\t<section class=\"elementor-section elementor-top-section elementor-element elementor-element-48d49f0 elementor-section-full_width elementor-section-height-default elementor-section-height-default\" data-id=\"48d49f0\" data-element_type=\"section\">\n\t\t\t\t\t\t<div class=\"elementor-container elementor-column-gap-default\">\n\t\t\t\t\t<div class=\"elementor-column elementor-col-20 elementor-top-column elementor-element elementor-element-b06bbb5\" data-id=\"b06bbb5\" data-element_type=\"column\">\n\t\t\t<div class=\"elementor-widget-wrap elementor-element-populated\">\n\t\t\t\t\t\t\t\t<div class=\"elementor-element elementor-element-3244c59 elementor-widget elementor-widget-image\" data-id=\"3244c59\" data-element_type=\"widget\" data-widget_type=\"image.default\">\n\t\t\t\t<div class=\"elementor-widget-container\">\n\t\t\t\t\t\t\t\t\t\t\t\t\t\t\t<img decoding=\"async\" width=\"683\" height=\"1024\" src=\"https:\/\/riad-elisa.com\/wp-content\/uploads\/2023\/08\/Restaurant_01_Vignette-683x1024.webp\" class=\"attachment-large size-large wp-image-3389\" alt=\"\" srcset=\"https:\/\/riad-elisa.com\/wp-content\/uploads\/2023\/08\/Restaurant_01_Vignette-683x1024.webp 683w, https:\/\/riad-elisa.com\/wp-content\/uploads\/2023\/08\/Restaurant_01_Vignette-200x300.webp 200w, https:\/\/riad-elisa.com\/wp-content\/uploads\/2023\/08\/Restaurant_01_Vignette-768x1152.webp 768w, https:\/\/riad-elisa.com\/wp-content\/uploads\/2023\/08\/Restaurant_01_Vignette.webp 893w\" sizes=\"(max-width: 683px) 100vw, 683px\" \/>\t\t\t\t\t\t\t\t\t\t\t\t\t\t\t<\/div>\n\t\t\t\t<\/div>\n\t\t\t\t\t<\/div>\n\t\t<\/div>\n\t\t\t\t<div class=\"elementor-column elementor-col-20 elementor-top-column elementor-element elementor-element-596bdbb elementor-hidden-mobile\" data-id=\"596bdbb\" data-element_type=\"column\">\n\t\t\t<div class=\"elementor-widget-wrap elementor-element-populated\">\n\t\t\t\t\t\t\t\t<div class=\"elementor-element elementor-element-b92281a elementor-widget elementor-widget-image\" data-id=\"b92281a\" data-element_type=\"widget\" data-widget_type=\"image.default\">\n\t\t\t\t<div class=\"elementor-widget-container\">\n\t\t\t\t\t\t\t\t\t\t\t\t\t\t\t<img decoding=\"async\" width=\"683\" height=\"1024\" src=\"https:\/\/riad-elisa.com\/wp-content\/uploads\/2023\/08\/Restaurant_02_Vignette-683x1024.webp\" class=\"attachment-large size-large wp-image-3391\" alt=\"\" srcset=\"https:\/\/riad-elisa.com\/wp-content\/uploads\/2023\/08\/Restaurant_02_Vignette-683x1024.webp 683w, https:\/\/riad-elisa.com\/wp-content\/uploads\/2023\/08\/Restaurant_02_Vignette-200x300.webp 200w, https:\/\/riad-elisa.com\/wp-content\/uploads\/2023\/08\/Restaurant_02_Vignette-768x1152.webp 768w, https:\/\/riad-elisa.com\/wp-content\/uploads\/2023\/08\/Restaurant_02_Vignette.webp 893w\" sizes=\"(max-width: 683px) 100vw, 683px\" \/>\t\t\t\t\t\t\t\t\t\t\t\t\t\t\t<\/div>\n\t\t\t\t<\/div>\n\t\t\t\t\t<\/div>\n\t\t<\/div>\n\t\t\t\t<div class=\"elementor-column elementor-col-20 elementor-top-column elementor-element elementor-element-cafef25 elementor-hidden-mobile\" data-id=\"cafef25\" data-element_type=\"column\">\n\t\t\t<div class=\"elementor-widget-wrap elementor-element-populated\">\n\t\t\t\t\t\t\t\t<div class=\"elementor-element elementor-element-d8716d5 elementor-widget elementor-widget-image\" data-id=\"d8716d5\" data-element_type=\"widget\" data-widget_type=\"image.default\">\n\t\t\t\t<div class=\"elementor-widget-container\">\n\t\t\t\t\t\t\t\t\t\t\t\t\t\t\t<img decoding=\"async\" width=\"683\" height=\"1024\" src=\"https:\/\/riad-elisa.com\/wp-content\/uploads\/2023\/08\/Restaurant_03_Vignette-683x1024.webp\" class=\"attachment-large size-large wp-image-3393\" alt=\"\" srcset=\"https:\/\/riad-elisa.com\/wp-content\/uploads\/2023\/08\/Restaurant_03_Vignette-683x1024.webp 683w, https:\/\/riad-elisa.com\/wp-content\/uploads\/2023\/08\/Restaurant_03_Vignette-200x300.webp 200w, https:\/\/riad-elisa.com\/wp-content\/uploads\/2023\/08\/Restaurant_03_Vignette-768x1152.webp 768w, https:\/\/riad-elisa.com\/wp-content\/uploads\/2023\/08\/Restaurant_03_Vignette.webp 893w\" sizes=\"(max-width: 683px) 100vw, 683px\" \/>\t\t\t\t\t\t\t\t\t\t\t\t\t\t\t<\/div>\n\t\t\t\t<\/div>\n\t\t\t\t\t<\/div>\n\t\t<\/div>\n\t\t\t\t<div class=\"elementor-column elementor-col-20 elementor-top-column elementor-element elementor-element-1992981 elementor-hidden-mobile\" data-id=\"1992981\" data-element_type=\"column\">\n\t\t\t<div class=\"elementor-widget-wrap elementor-element-populated\">\n\t\t\t\t\t\t\t\t<div class=\"elementor-element elementor-element-cd94821 elementor-widget elementor-widget-image\" data-id=\"cd94821\" data-element_type=\"widget\" data-widget_type=\"image.default\">\n\t\t\t\t<div class=\"elementor-widget-container\">\n\t\t\t\t\t\t\t\t\t\t\t\t\t\t\t<img decoding=\"async\" width=\"683\" height=\"1024\" src=\"https:\/\/riad-elisa.com\/wp-content\/uploads\/2023\/08\/Restaurant_04_Vignette-683x1024.webp\" class=\"attachment-large size-large wp-image-3395\" alt=\"\" srcset=\"https:\/\/riad-elisa.com\/wp-content\/uploads\/2023\/08\/Restaurant_04_Vignette-683x1024.webp 683w, https:\/\/riad-elisa.com\/wp-content\/uploads\/2023\/08\/Restaurant_04_Vignette-200x300.webp 200w, https:\/\/riad-elisa.com\/wp-content\/uploads\/2023\/08\/Restaurant_04_Vignette-768x1152.webp 768w, https:\/\/riad-elisa.com\/wp-content\/uploads\/2023\/08\/Restaurant_04_Vignette.webp 893w\" sizes=\"(max-width: 683px) 100vw, 683px\" \/>\t\t\t\t\t\t\t\t\t\t\t\t\t\t\t<\/div>\n\t\t\t\t<\/div>\n\t\t\t\t\t<\/div>\n\t\t<\/div>\n\t\t\t\t<div class=\"elementor-column elementor-col-20 elementor-top-column elementor-element elementor-element-de11f61 elementor-hidden-mobile\" data-id=\"de11f61\" data-element_type=\"column\">\n\t\t\t<div class=\"elementor-widget-wrap elementor-element-populated\">\n\t\t\t\t\t\t\t\t<div class=\"elementor-element elementor-element-730d2cc elementor-widget elementor-widget-image\" data-id=\"730d2cc\" data-element_type=\"widget\" data-widget_type=\"image.default\">\n\t\t\t\t<div class=\"elementor-widget-container\">\n\t\t\t\t\t\t\t\t\t\t\t\t\t\t\t<img decoding=\"async\" width=\"683\" height=\"1024\" src=\"https:\/\/riad-elisa.com\/wp-content\/uploads\/2023\/08\/Restaurant_05_Vignette-683x1024.webp\" class=\"attachment-large size-large wp-image-3397\" alt=\"\" srcset=\"https:\/\/riad-elisa.com\/wp-content\/uploads\/2023\/08\/Restaurant_05_Vignette-683x1024.webp 683w, https:\/\/riad-elisa.com\/wp-content\/uploads\/2023\/08\/Restaurant_05_Vignette-200x300.webp 200w, https:\/\/riad-elisa.com\/wp-content\/uploads\/2023\/08\/Restaurant_05_Vignette-768x1152.webp 768w, https:\/\/riad-elisa.com\/wp-content\/uploads\/2023\/08\/Restaurant_05_Vignette.webp 893w\" sizes=\"(max-width: 683px) 100vw, 683px\" \/>\t\t\t\t\t\t\t\t\t\t\t\t\t\t\t<\/div>\n\t\t\t\t<\/div>\n\t\t\t\t\t<\/div>\n\t\t<\/div>\n\t\t\t\t\t\t\t<\/div>\n\t\t<\/section>\n\t\t\t\t<section class=\"elementor-section elementor-top-section elementor-element elementor-element-1c638ca elementor-section-full_width elementor-section-height-default elementor-section-height-default\" data-id=\"1c638ca\" data-element_type=\"section\" data-settings=\"{&quot;background_background&quot;:&quot;classic&quot;}\">\n\t\t\t\t\t\t<div class=\"elementor-container elementor-column-gap-default\">\n\t\t\t\t\t<div class=\"elementor-column elementor-col-100 elementor-top-column elementor-element elementor-element-4b4eb0d\" data-id=\"4b4eb0d\" data-element_type=\"column\">\n\t\t\t<div class=\"elementor-widget-wrap elementor-element-populated\">\n\t\t\t\t\t\t\t\t<div class=\"elementor-element elementor-element-ef65577 elementor-widget elementor-widget-heading\" data-id=\"ef65577\" data-element_type=\"widget\" data-widget_type=\"heading.default\">\n\t\t\t\t<div class=\"elementor-widget-container\">\n\t\t\t<h4 class=\"elementor-heading-title elementor-size-default\">Laissez nous vous aider !<\/h4>\t\t<\/div>\n\t\t\t\t<\/div>\n\t\t\t\t<div class=\"elementor-element elementor-element-fe7cbeb elementor-widget-tablet__width-inherit elementor-widget elementor-widget-heading\" data-id=\"fe7cbeb\" data-element_type=\"widget\" data-widget_type=\"heading.default\">\n\t\t\t\t<div class=\"elementor-widget-container\">\n\t\t\t<h3 class=\"elementor-heading-title elementor-size-default\">NOTRE CONCIERGERIE<\/h3>\t\t<\/div>\n\t\t\t\t<\/div>\n\t\t\t\t<div class=\"elementor-element elementor-element-776120c elementor-widget elementor-widget-text-editor\" data-id=\"776120c\" data-element_type=\"widget\" data-widget_type=\"text-editor.default\">\n\t\t\t\t<div class=\"elementor-widget-container\">\n\t\t\t\t\t\t\t<p>Notre \u00e9quipe sera heureuse de vous assister dans l\u2019organisation de votre s\u00e9jour. Nous pouvons \u00e9galement intervenir dans la pr\u00e9paration de vos \u00e9v\u00e8nements priv\u00e9s au Riad tel qu\u2019un anniversaire, un mariage ou une r\u00e9union d\u2019affaires. Laissez-nous faire, nous nous occupons de tout !<\/p>\t\t\t\t\t\t<\/div>\n\t\t\t\t<\/div>\n\t\t\t\t\t<\/div>\n\t\t<\/div>\n\t\t\t\t\t\t\t<\/div>\n\t\t<\/section>\n\t\t\t\t<section class=\"elementor-section elementor-top-section elementor-element elementor-element-8f68e04 elementor-section-full_width elementor-section-content-middle elementor-section-height-default elementor-section-height-default\" data-id=\"8f68e04\" data-element_type=\"section\">\n\t\t\t\t\t\t<div class=\"elementor-container elementor-column-gap-default\">\n\t\t\t\t\t<div class=\"elementor-column elementor-col-50 elementor-top-column elementor-element elementor-element-570b860\" data-id=\"570b860\" data-element_type=\"column\">\n\t\t\t<div class=\"elementor-widget-wrap elementor-element-populated\">\n\t\t\t\t\t\t\t\t<div class=\"elementor-element elementor-element-708cf95 elementor-widget elementor-widget-heading\" data-id=\"708cf95\" data-element_type=\"widget\" data-widget_type=\"heading.default\">\n\t\t\t\t<div class=\"elementor-widget-container\">\n\t\t\t<h2 class=\"elementor-heading-title elementor-size-default\">Restaurant<\/h2>\t\t<\/div>\n\t\t\t\t<\/div>\n\t\t\t\t<div class=\"elementor-element elementor-element-0452e04 elementor-widget elementor-widget-text-editor\" data-id=\"0452e04\" data-element_type=\"widget\" data-widget_type=\"text-editor.default\">\n\t\t\t\t<div class=\"elementor-widget-container\">\n\t\t\t\t\t\t\t<p>Profitez d\u2019un menu sophistiqu\u00e9, un m\u00e9lange subtil de gastronomie espagnole et marocaine. Au coucher du soleil, un d\u00eener aux chandelles autour du Patio principal est une exp\u00e9rience marocaine enchanteresse : une explosion de saveurs.<\/p>\t\t\t\t\t\t<\/div>\n\t\t\t\t<\/div>\n\t\t\t\t\t<\/div>\n\t\t<\/div>\n\t\t\t\t<div class=\"elementor-column elementor-col-50 elementor-top-column elementor-element elementor-element-3ae99e9\" data-id=\"3ae99e9\" data-element_type=\"column\">\n\t\t\t<div class=\"elementor-widget-wrap elementor-element-populated\">\n\t\t\t\t\t\t\t\t<div class=\"elementor-element elementor-element-9a21c14 elementor-widget elementor-widget-image\" data-id=\"9a21c14\" data-element_type=\"widget\" data-widget_type=\"image.default\">\n\t\t\t\t<div class=\"elementor-widget-container\">\n\t\t\t\t\t\t\t\t\t\t\t\t\t\t\t<img decoding=\"async\" width=\"1600\" height=\"1126\" src=\"https:\/\/riad-elisa.com\/wp-content\/uploads\/2023\/08\/Restaurant_06_Restaurant_Main.webp\" class=\"attachment-full size-full wp-image-3399\" alt=\"\" srcset=\"https:\/\/riad-elisa.com\/wp-content\/uploads\/2023\/08\/Restaurant_06_Restaurant_Main.webp 1600w, https:\/\/riad-elisa.com\/wp-content\/uploads\/2023\/08\/Restaurant_06_Restaurant_Main-300x211.webp 300w, https:\/\/riad-elisa.com\/wp-content\/uploads\/2023\/08\/Restaurant_06_Restaurant_Main-1024x721.webp 1024w, https:\/\/riad-elisa.com\/wp-content\/uploads\/2023\/08\/Restaurant_06_Restaurant_Main-768x540.webp 768w, https:\/\/riad-elisa.com\/wp-content\/uploads\/2023\/08\/Restaurant_06_Restaurant_Main-1536x1081.webp 1536w\" sizes=\"(max-width: 1600px) 100vw, 1600px\" \/>\t\t\t\t\t\t\t\t\t\t\t\t\t\t\t<\/div>\n\t\t\t\t<\/div>\n\t\t\t\t\t<\/div>\n\t\t<\/div>\n\t\t\t\t\t\t\t<\/div>\n\t\t<\/section>\n\t\t\t\t<section class=\"elementor-section elementor-top-section elementor-element elementor-element-7d98fbe elementor-section-full_width elementor-section-content-middle elementor-reverse-mobile elementor-section-height-default elementor-section-height-default\" data-id=\"7d98fbe\" data-element_type=\"section\">\n\t\t\t\t\t\t<div class=\"elementor-container elementor-column-gap-default\">\n\t\t\t\t\t<div class=\"elementor-column elementor-col-50 elementor-top-column elementor-element elementor-element-63b7841\" data-id=\"63b7841\" data-element_type=\"column\">\n\t\t\t<div class=\"elementor-widget-wrap elementor-element-populated\">\n\t\t\t\t\t\t\t\t<div class=\"elementor-element elementor-element-6f635ea elementor-widget elementor-widget-image\" data-id=\"6f635ea\" data-element_type=\"widget\" data-widget_type=\"image.default\">\n\t\t\t\t<div class=\"elementor-widget-container\">\n\t\t\t\t\t\t\t\t\t\t\t\t\t\t\t<img decoding=\"async\" width=\"1600\" height=\"1117\" src=\"https:\/\/riad-elisa.com\/wp-content\/uploads\/2023\/08\/Restaurant_07_Roof_Top_Main.webp\" class=\"attachment-full size-full wp-image-3401\" alt=\"\" srcset=\"https:\/\/riad-elisa.com\/wp-content\/uploads\/2023\/08\/Restaurant_07_Roof_Top_Main.webp 1600w, https:\/\/riad-elisa.com\/wp-content\/uploads\/2023\/08\/Restaurant_07_Roof_Top_Main-300x209.webp 300w, https:\/\/riad-elisa.com\/wp-content\/uploads\/2023\/08\/Restaurant_07_Roof_Top_Main-1024x715.webp 1024w, https:\/\/riad-elisa.com\/wp-content\/uploads\/2023\/08\/Restaurant_07_Roof_Top_Main-768x536.webp 768w, https:\/\/riad-elisa.com\/wp-content\/uploads\/2023\/08\/Restaurant_07_Roof_Top_Main-1536x1072.webp 1536w\" sizes=\"(max-width: 1600px) 100vw, 1600px\" \/>\t\t\t\t\t\t\t\t\t\t\t\t\t\t\t<\/div>\n\t\t\t\t<\/div>\n\t\t\t\t\t<\/div>\n\t\t<\/div>\n\t\t\t\t<div class=\"elementor-column elementor-col-50 elementor-top-column elementor-element elementor-element-a22308a\" data-id=\"a22308a\" data-element_type=\"column\">\n\t\t\t<div class=\"elementor-widget-wrap elementor-element-populated\">\n\t\t\t\t\t\t\t\t<div class=\"elementor-element elementor-element-022e699 elementor-widget elementor-widget-heading\" data-id=\"022e699\" data-element_type=\"widget\" data-widget_type=\"heading.default\">\n\t\t\t\t<div class=\"elementor-widget-container\">\n\t\t\t<h2 class=\"elementor-heading-title elementor-size-default\">ROOFTOP<\/h2>\t\t<\/div>\n\t\t\t\t<\/div>\n\t\t\t\t<div class=\"elementor-element elementor-element-9dc8a67 elementor-widget elementor-widget-text-editor\" data-id=\"9dc8a67\" data-element_type=\"widget\" data-widget_type=\"text-editor.default\">\n\t\t\t\t<div class=\"elementor-widget-container\">\n\t\t\t\t\t\t\t<p>Notre rooftop offre l\u2019une des plus belles vues de Marrakech, directement vers la c\u00e9l\u00e8bre Koutoubia, l\u2019embl\u00e8me de la ville ocre.<\/p><p>Influenc\u00e9 par le style que vous pourriez trouver \u00e0 Ibiza, profitez de notre rooftop en fin de journ\u00e9e pour partager un verre entre amis ou d\u00e9couvrir la carte de notre restaurant<\/p>\t\t\t\t\t\t<\/div>\n\t\t\t\t<\/div>\n\t\t\t\t\t<\/div>\n\t\t<\/div>\n\t\t\t\t\t\t\t<\/div>\n\t\t<\/section>\n\t\t\t\t\t\t\t<\/div>\n\t\t","protected":false},"excerpt":{"rendered":"<p>L&rsquo;art de la table RESTAURANT &#038; ROOFTOP Commencez votre journ\u00e9e par un petit-d\u00e9jeuner tout en profitant du chant des oiseaux qui r\u00e9veille la d\u00e9licate tranquillit\u00e9 du patio principal du Riad Elisa. Choisissez entre un petit-d\u00e9jeuner fran\u00e7ais, anglais ou typiquement marocain, ou un m\u00e9lange des deux. L\u2019\u00e9nergie dont vous avez besoin pour d\u00e9couvrir les nombreux secrets &#8230; <a title=\"Restaurant\" class=\"read-more\" href=\"https:\/\/riad-elisa.com\/fr\/restaurant\/\" aria-label=\"Read more about Restaurant\">Lire la suite<\/a><\/p>\n","protected":false},"author":2,"featured_media":0,"parent":0,"menu_order":0,"comment_status":"closed","ping_status":"closed","template":"","meta":{"_uf_show_specific_survey":0,"_uf_disable_surveys":false,"footnotes":""},"_links":{"self":[{"href":"https:\/\/riad-elisa.com\/fr\/wp-json\/wp\/v2\/pages\/3702"}],"collection":[{"href":"https:\/\/riad-elisa.com\/fr\/wp-json\/wp\/v2\/pages"}],"about":[{"href":"https:\/\/riad-elisa.com\/fr\/wp-json\/wp\/v2\/types\/page"}],"author":[{"embeddable":true,"href":"https:\/\/riad-elisa.com\/fr\/wp-json\/wp\/v2\/users\/2"}],"replies":[{"embeddable":true,"href":"https:\/\/riad-elisa.com\/fr\/wp-json\/wp\/v2\/comments?post=3702"}],"version-history":[{"count":4,"href":"https:\/\/riad-elisa.com\/fr\/wp-json\/wp\/v2\/pages\/3702\/revisions"}],"predecessor-version":[{"id":3872,"href":"https:\/\/riad-elisa.com\/fr\/wp-json\/wp\/v2\/pages\/3702\/revisions\/3872"}],"wp:attachment":[{"href":"https:\/\/riad-elisa.com\/fr\/wp-json\/wp\/v2\/media?parent=3702"}],"curies":[{"name":"wp","href":"https:\/\/api.w.org\/{rel}","templated":true}]}}