{"id":3711,"date":"2023-08-05T21:47:28","date_gmt":"2023-08-05T21:47:28","guid":{"rendered":"https:\/\/riad-elisa.com\/terms-conditions\/"},"modified":"2025-11-12T08:13:27","modified_gmt":"2025-11-12T08:13:27","slug":"spa","status":"publish","type":"page","link":"https:\/\/riad-elisa.com\/fr\/spa\/","title":{"rendered":"Spa"},"content":{"rendered":"\t\t<div data-elementor-type=\"wp-page\" data-elementor-id=\"3711\" class=\"elementor elementor-3711 elementor-3284\" data-elementor-post-type=\"page\">\n\t\t\t\t\t\t\t\t\t<section class=\"elementor-section elementor-top-section elementor-element elementor-element-302d6e2 elementor-section-full_width elementor-section-height-default elementor-section-height-default\" data-id=\"302d6e2\" data-element_type=\"section\">\n\t\t\t\t\t\t<div class=\"elementor-container elementor-column-gap-default\">\n\t\t\t\t\t<div class=\"elementor-column elementor-col-100 elementor-top-column elementor-element elementor-element-0d4124a\" data-id=\"0d4124a\" data-element_type=\"column\">\n\t\t\t<div class=\"elementor-widget-wrap elementor-element-populated\">\n\t\t\t\t\t\t\t\t<div class=\"elementor-element elementor-element-20653a3 elementor-widget elementor-widget-heading\" data-id=\"20653a3\" data-element_type=\"widget\" data-widget_type=\"heading.default\">\n\t\t\t\t<div class=\"elementor-widget-container\">\n\t\t\t<h4 class=\"elementor-heading-title elementor-size-default\">Nous prenons soins de vous\n<\/h4>\t\t<\/div>\n\t\t\t\t<\/div>\n\t\t\t\t<div class=\"elementor-element elementor-element-66e2a49 elementor-widget elementor-widget-heading\" data-id=\"66e2a49\" data-element_type=\"widget\" data-widget_type=\"heading.default\">\n\t\t\t\t<div class=\"elementor-widget-container\">\n\t\t\t<h3 class=\"elementor-heading-title elementor-size-default\">ELISA SPA<\/h3>\t\t<\/div>\n\t\t\t\t<\/div>\n\t\t\t\t<div class=\"elementor-element elementor-element-41fc160 elementor-widget elementor-widget-text-editor\" data-id=\"41fc160\" data-element_type=\"widget\" data-widget_type=\"text-editor.default\">\n\t\t\t\t<div class=\"elementor-widget-container\">\n\t\t\t\t\t\t\t<p>Le spa Elisa est un \u00ab must \u00bb. Entrez par ses plafonds vo\u00fbt\u00e9s, allongez-vous dans son salon de relaxation en \u00e9coutant le doux murmure de la fontaine principale, et suivez le chemin des bougies jusqu\u2019\u00e0 nos salles de soins exclusives o\u00f9 nos th\u00e9rapeutes exp\u00e9riment\u00e9s vous guideront dans le choix du traitement qui vous convient pour atteindre le parfait \u00e9quilibre de l\u2019\u00e2me et du corps.<\/p><p>Notre Spa est ouvert aux clients externes<\/p>\t\t\t\t\t\t<\/div>\n\t\t\t\t<\/div>\n\t\t\t\t<div class=\"elementor-element elementor-element-51d75d8 elementor-align-center elementor-widget__width-initial elementor-widget elementor-widget-button\" data-id=\"51d75d8\" data-element_type=\"widget\" data-widget_type=\"button.default\">\n\t\t\t\t<div class=\"elementor-widget-container\">\n\t\t\t\t\t<div class=\"elementor-button-wrapper\">\n\t\t\t<a class=\"elementor-button elementor-button-link elementor-size-md\" href=\"http:\/\/riad-elisa.com\/wp-content\/uploads\/2025\/11\/SPA-ELISA_FR_202511.pdf\">\n\t\t\t\t\t\t<span class=\"elementor-button-content-wrapper\">\n\t\t\t\t\t\t<span class=\"elementor-button-text\">Brochure du Spa<\/span>\n\t\t<\/span>\n\t\t\t\t\t<\/a>\n\t\t<\/div>\n\t\t\t\t<\/div>\n\t\t\t\t<\/div>\n\t\t\t\t<div class=\"elementor-element elementor-element-dddb0ca elementor-align-center elementor-widget__width-initial elementor-widget elementor-widget-button\" data-id=\"dddb0ca\" data-element_type=\"widget\" data-widget_type=\"button.default\">\n\t\t\t\t<div class=\"elementor-widget-container\">\n\t\t\t\t\t<div class=\"elementor-button-wrapper\">\n\t\t\t<a class=\"elementor-button elementor-button-link elementor-size-md\" href=\"https:\/\/bit.ly\/3JEzAhd\" target=\"_blank\" rel=\"noopener\">\n\t\t\t\t\t\t<span class=\"elementor-button-content-wrapper\">\n\t\t\t\t\t\t<span class=\"elementor-button-text\">R\u00e9servez en ligne<\/span>\n\t\t<\/span>\n\t\t\t\t\t<\/a>\n\t\t<\/div>\n\t\t\t\t<\/div>\n\t\t\t\t<\/div>\n\t\t\t\t\t<\/div>\n\t\t<\/div>\n\t\t\t\t\t\t\t<\/div>\n\t\t<\/section>\n\t\t\t\t<section class=\"elementor-section elementor-top-section elementor-element elementor-element-365ef79 elementor-section-full_width elementor-section-height-default elementor-section-height-default\" data-id=\"365ef79\" data-element_type=\"section\">\n\t\t\t\t\t\t<div class=\"elementor-container elementor-column-gap-default\">\n\t\t\t\t\t<div class=\"elementor-column elementor-col-20 elementor-top-column elementor-element elementor-element-c906ec8\" data-id=\"c906ec8\" data-element_type=\"column\">\n\t\t\t<div class=\"elementor-widget-wrap elementor-element-populated\">\n\t\t\t\t\t\t\t\t<div class=\"elementor-element elementor-element-3e3b9b8 elementor-widget elementor-widget-image\" data-id=\"3e3b9b8\" data-element_type=\"widget\" data-widget_type=\"image.default\">\n\t\t\t\t<div class=\"elementor-widget-container\">\n\t\t\t\t\t\t\t\t\t\t\t\t\t\t\t<img decoding=\"async\" width=\"683\" height=\"1024\" src=\"https:\/\/riad-elisa.com\/wp-content\/uploads\/2023\/08\/Spa_01_Vignette-683x1024.webp\" class=\"attachment-large size-large wp-image-3407\" alt=\"\" srcset=\"https:\/\/riad-elisa.com\/wp-content\/uploads\/2023\/08\/Spa_01_Vignette-683x1024.webp 683w, https:\/\/riad-elisa.com\/wp-content\/uploads\/2023\/08\/Spa_01_Vignette-200x300.webp 200w, https:\/\/riad-elisa.com\/wp-content\/uploads\/2023\/08\/Spa_01_Vignette-768x1152.webp 768w, https:\/\/riad-elisa.com\/wp-content\/uploads\/2023\/08\/Spa_01_Vignette.webp 893w\" sizes=\"(max-width: 683px) 100vw, 683px\" \/>\t\t\t\t\t\t\t\t\t\t\t\t\t\t\t<\/div>\n\t\t\t\t<\/div>\n\t\t\t\t\t<\/div>\n\t\t<\/div>\n\t\t\t\t<div class=\"elementor-column elementor-col-20 elementor-top-column elementor-element elementor-element-ae70deb elementor-hidden-mobile\" data-id=\"ae70deb\" data-element_type=\"column\">\n\t\t\t<div class=\"elementor-widget-wrap elementor-element-populated\">\n\t\t\t\t\t\t\t\t<div class=\"elementor-element elementor-element-ba17f45 elementor-widget elementor-widget-image\" data-id=\"ba17f45\" data-element_type=\"widget\" data-widget_type=\"image.default\">\n\t\t\t\t<div class=\"elementor-widget-container\">\n\t\t\t\t\t\t\t\t\t\t\t\t\t\t\t<img decoding=\"async\" width=\"683\" height=\"1024\" src=\"https:\/\/riad-elisa.com\/wp-content\/uploads\/2023\/08\/Spa_02_Vignette-683x1024.webp\" class=\"attachment-large size-large wp-image-3409\" alt=\"\" srcset=\"https:\/\/riad-elisa.com\/wp-content\/uploads\/2023\/08\/Spa_02_Vignette-683x1024.webp 683w, https:\/\/riad-elisa.com\/wp-content\/uploads\/2023\/08\/Spa_02_Vignette-200x300.webp 200w, https:\/\/riad-elisa.com\/wp-content\/uploads\/2023\/08\/Spa_02_Vignette-768x1152.webp 768w, https:\/\/riad-elisa.com\/wp-content\/uploads\/2023\/08\/Spa_02_Vignette.webp 893w\" sizes=\"(max-width: 683px) 100vw, 683px\" \/>\t\t\t\t\t\t\t\t\t\t\t\t\t\t\t<\/div>\n\t\t\t\t<\/div>\n\t\t\t\t\t<\/div>\n\t\t<\/div>\n\t\t\t\t<div class=\"elementor-column elementor-col-20 elementor-top-column elementor-element elementor-element-ef1a8bf elementor-hidden-mobile\" data-id=\"ef1a8bf\" data-element_type=\"column\">\n\t\t\t<div class=\"elementor-widget-wrap elementor-element-populated\">\n\t\t\t\t\t\t\t\t<div class=\"elementor-element elementor-element-b3bd51c elementor-widget elementor-widget-image\" data-id=\"b3bd51c\" data-element_type=\"widget\" data-widget_type=\"image.default\">\n\t\t\t\t<div class=\"elementor-widget-container\">\n\t\t\t\t\t\t\t\t\t\t\t\t\t\t\t<img decoding=\"async\" width=\"683\" height=\"1024\" src=\"https:\/\/riad-elisa.com\/wp-content\/uploads\/2023\/08\/Spa_03_Vignette-683x1024.webp\" class=\"attachment-large size-large wp-image-3411\" alt=\"\" srcset=\"https:\/\/riad-elisa.com\/wp-content\/uploads\/2023\/08\/Spa_03_Vignette-683x1024.webp 683w, https:\/\/riad-elisa.com\/wp-content\/uploads\/2023\/08\/Spa_03_Vignette-200x300.webp 200w, https:\/\/riad-elisa.com\/wp-content\/uploads\/2023\/08\/Spa_03_Vignette-768x1152.webp 768w, https:\/\/riad-elisa.com\/wp-content\/uploads\/2023\/08\/Spa_03_Vignette.webp 893w\" sizes=\"(max-width: 683px) 100vw, 683px\" \/>\t\t\t\t\t\t\t\t\t\t\t\t\t\t\t<\/div>\n\t\t\t\t<\/div>\n\t\t\t\t\t<\/div>\n\t\t<\/div>\n\t\t\t\t<div class=\"elementor-column elementor-col-20 elementor-top-column elementor-element elementor-element-1c32e08 elementor-hidden-mobile\" data-id=\"1c32e08\" data-element_type=\"column\">\n\t\t\t<div class=\"elementor-widget-wrap elementor-element-populated\">\n\t\t\t\t\t\t\t\t<div class=\"elementor-element elementor-element-7c8909a elementor-widget elementor-widget-image\" data-id=\"7c8909a\" data-element_type=\"widget\" data-widget_type=\"image.default\">\n\t\t\t\t<div class=\"elementor-widget-container\">\n\t\t\t\t\t\t\t\t\t\t\t\t\t\t\t<img decoding=\"async\" width=\"683\" height=\"1024\" src=\"https:\/\/riad-elisa.com\/wp-content\/uploads\/2023\/08\/Spa_04_Vignette-683x1024.webp\" class=\"attachment-large size-large wp-image-3413\" alt=\"\" srcset=\"https:\/\/riad-elisa.com\/wp-content\/uploads\/2023\/08\/Spa_04_Vignette-683x1024.webp 683w, https:\/\/riad-elisa.com\/wp-content\/uploads\/2023\/08\/Spa_04_Vignette-200x300.webp 200w, https:\/\/riad-elisa.com\/wp-content\/uploads\/2023\/08\/Spa_04_Vignette-768x1152.webp 768w, https:\/\/riad-elisa.com\/wp-content\/uploads\/2023\/08\/Spa_04_Vignette.webp 893w\" sizes=\"(max-width: 683px) 100vw, 683px\" \/>\t\t\t\t\t\t\t\t\t\t\t\t\t\t\t<\/div>\n\t\t\t\t<\/div>\n\t\t\t\t\t<\/div>\n\t\t<\/div>\n\t\t\t\t<div class=\"elementor-column elementor-col-20 elementor-top-column elementor-element elementor-element-02815ac elementor-hidden-mobile\" data-id=\"02815ac\" data-element_type=\"column\">\n\t\t\t<div class=\"elementor-widget-wrap elementor-element-populated\">\n\t\t\t\t\t\t\t\t<div class=\"elementor-element elementor-element-797df20 elementor-widget elementor-widget-image\" data-id=\"797df20\" data-element_type=\"widget\" data-widget_type=\"image.default\">\n\t\t\t\t<div class=\"elementor-widget-container\">\n\t\t\t\t\t\t\t\t\t\t\t\t\t\t\t<img decoding=\"async\" width=\"683\" height=\"1024\" src=\"https:\/\/riad-elisa.com\/wp-content\/uploads\/2023\/08\/Spa_05_Vignette-683x1024.webp\" class=\"attachment-large size-large wp-image-3415\" alt=\"\" srcset=\"https:\/\/riad-elisa.com\/wp-content\/uploads\/2023\/08\/Spa_05_Vignette-683x1024.webp 683w, https:\/\/riad-elisa.com\/wp-content\/uploads\/2023\/08\/Spa_05_Vignette-200x300.webp 200w, https:\/\/riad-elisa.com\/wp-content\/uploads\/2023\/08\/Spa_05_Vignette-768x1152.webp 768w, https:\/\/riad-elisa.com\/wp-content\/uploads\/2023\/08\/Spa_05_Vignette.webp 893w\" sizes=\"(max-width: 683px) 100vw, 683px\" \/>\t\t\t\t\t\t\t\t\t\t\t\t\t\t\t<\/div>\n\t\t\t\t<\/div>\n\t\t\t\t\t<\/div>\n\t\t<\/div>\n\t\t\t\t\t\t\t<\/div>\n\t\t<\/section>\n\t\t\t\t<section class=\"elementor-section elementor-top-section elementor-element elementor-element-0111800 elementor-section-full_width elementor-section-height-default elementor-section-height-default\" data-id=\"0111800\" data-element_type=\"section\" data-settings=\"{&quot;background_background&quot;:&quot;classic&quot;}\">\n\t\t\t\t\t\t<div class=\"elementor-container elementor-column-gap-default\">\n\t\t\t\t\t<div class=\"elementor-column elementor-col-100 elementor-top-column elementor-element elementor-element-1c4308c\" data-id=\"1c4308c\" data-element_type=\"column\">\n\t\t\t<div class=\"elementor-widget-wrap elementor-element-populated\">\n\t\t\t\t\t\t\t\t<div class=\"elementor-element elementor-element-53d7b89 elementor-widget elementor-widget-heading\" data-id=\"53d7b89\" data-element_type=\"widget\" data-widget_type=\"heading.default\">\n\t\t\t\t<div class=\"elementor-widget-container\">\n\t\t\t<h4 class=\"elementor-heading-title elementor-size-default\">Ne ratez pas votre chance !\n<\/h4>\t\t<\/div>\n\t\t\t\t<\/div>\n\t\t\t\t<div class=\"elementor-element elementor-element-7ef6746 elementor-widget-tablet__width-inherit elementor-widget elementor-widget-heading\" data-id=\"7ef6746\" data-element_type=\"widget\" data-widget_type=\"heading.default\">\n\t\t\t\t<div class=\"elementor-widget-container\">\n\t\t\t<h3 class=\"elementor-heading-title elementor-size-default\">NOUS OFFRONS\n<br>\nUN HAMMAM A NOS RESIDENTS<\/h3>\t\t<\/div>\n\t\t\t\t<\/div>\n\t\t\t\t<div class=\"elementor-element elementor-element-ca38d5c elementor-widget elementor-widget-text-editor\" data-id=\"ca38d5c\" data-element_type=\"widget\" data-widget_type=\"text-editor.default\">\n\t\t\t\t<div class=\"elementor-widget-container\">\n\t\t\t\t\t\t\t<p>Pour toute r\u00e9servation directe de 2 nuits ou plus au Riad, nous vous offrons un hammam gratuit \u00e0 utiliser pendant votre s\u00e9jour.<\/p>\t\t\t\t\t\t<\/div>\n\t\t\t\t<\/div>\n\t\t\t\t\t<\/div>\n\t\t<\/div>\n\t\t\t\t\t\t\t<\/div>\n\t\t<\/section>\n\t\t\t\t<section class=\"elementor-section elementor-top-section elementor-element elementor-element-399e4bd elementor-section-full_width elementor-section-content-middle elementor-section-height-default elementor-section-height-default\" data-id=\"399e4bd\" data-element_type=\"section\">\n\t\t\t\t\t\t<div class=\"elementor-container elementor-column-gap-default\">\n\t\t\t\t\t<div class=\"elementor-column elementor-col-50 elementor-top-column elementor-element elementor-element-326bd02\" data-id=\"326bd02\" data-element_type=\"column\">\n\t\t\t<div class=\"elementor-widget-wrap elementor-element-populated\">\n\t\t\t\t\t\t\t\t<div class=\"elementor-element elementor-element-c885998 elementor-widget elementor-widget-heading\" data-id=\"c885998\" data-element_type=\"widget\" data-widget_type=\"heading.default\">\n\t\t\t\t<div class=\"elementor-widget-container\">\n\t\t\t<h2 class=\"elementor-heading-title elementor-size-default\">AU NATUREL\n<\/h2>\t\t<\/div>\n\t\t\t\t<\/div>\n\t\t\t\t<div class=\"elementor-element elementor-element-62a8013 elementor-widget elementor-widget-text-editor\" data-id=\"62a8013\" data-element_type=\"widget\" data-widget_type=\"text-editor.default\">\n\t\t\t\t<div class=\"elementor-widget-container\">\n\t\t\t\t\t\t\t<p>Marrakech est pleine de saveurs et de couleurs, \u00e0 Elisa Spa nous s\u00e9lectionnons soigneusement les meilleurs ingr\u00e9dients naturels tels que l\u2019argan, le sucre de canne, le miel doux, la figue de barbarie et l\u2019argile noire pour pr\u00e9parer des traitements uniques pour le visage et le corps. Faites-vous plaisir.<\/p>\t\t\t\t\t\t<\/div>\n\t\t\t\t<\/div>\n\t\t\t\t\t<\/div>\n\t\t<\/div>\n\t\t\t\t<div class=\"elementor-column elementor-col-50 elementor-top-column elementor-element elementor-element-4e0591c\" data-id=\"4e0591c\" data-element_type=\"column\">\n\t\t\t<div class=\"elementor-widget-wrap elementor-element-populated\">\n\t\t\t\t\t\t\t\t<div class=\"elementor-element elementor-element-0a2cb24 elementor-widget elementor-widget-image\" data-id=\"0a2cb24\" data-element_type=\"widget\" data-widget_type=\"image.default\">\n\t\t\t\t<div class=\"elementor-widget-container\">\n\t\t\t\t\t\t\t\t\t\t\t\t\t\t\t<img decoding=\"async\" width=\"1600\" height=\"1068\" src=\"https:\/\/riad-elisa.com\/wp-content\/uploads\/2023\/08\/Spa_06_EspaceBienEtre_Main.webp\" class=\"attachment-full size-full wp-image-3417\" alt=\"\" srcset=\"https:\/\/riad-elisa.com\/wp-content\/uploads\/2023\/08\/Spa_06_EspaceBienEtre_Main.webp 1600w, https:\/\/riad-elisa.com\/wp-content\/uploads\/2023\/08\/Spa_06_EspaceBienEtre_Main-300x200.webp 300w, https:\/\/riad-elisa.com\/wp-content\/uploads\/2023\/08\/Spa_06_EspaceBienEtre_Main-1024x684.webp 1024w, https:\/\/riad-elisa.com\/wp-content\/uploads\/2023\/08\/Spa_06_EspaceBienEtre_Main-768x513.webp 768w, https:\/\/riad-elisa.com\/wp-content\/uploads\/2023\/08\/Spa_06_EspaceBienEtre_Main-1536x1025.webp 1536w\" sizes=\"(max-width: 1600px) 100vw, 1600px\" \/>\t\t\t\t\t\t\t\t\t\t\t\t\t\t\t<\/div>\n\t\t\t\t<\/div>\n\t\t\t\t\t<\/div>\n\t\t<\/div>\n\t\t\t\t\t\t\t<\/div>\n\t\t<\/section>\n\t\t\t\t<section class=\"elementor-section elementor-top-section elementor-element elementor-element-1c0a152 elementor-section-full_width elementor-section-content-middle elementor-reverse-mobile elementor-section-height-default elementor-section-height-default\" data-id=\"1c0a152\" data-element_type=\"section\">\n\t\t\t\t\t\t<div class=\"elementor-container elementor-column-gap-default\">\n\t\t\t\t\t<div class=\"elementor-column elementor-col-50 elementor-top-column elementor-element elementor-element-ec5208e\" data-id=\"ec5208e\" data-element_type=\"column\">\n\t\t\t<div class=\"elementor-widget-wrap elementor-element-populated\">\n\t\t\t\t\t\t\t\t<div class=\"elementor-element elementor-element-517b8d1 elementor-widget elementor-widget-image\" data-id=\"517b8d1\" data-element_type=\"widget\" data-widget_type=\"image.default\">\n\t\t\t\t<div class=\"elementor-widget-container\">\n\t\t\t\t\t\t\t\t\t\t\t\t\t\t\t<img decoding=\"async\" width=\"1600\" height=\"1074\" src=\"https:\/\/riad-elisa.com\/wp-content\/uploads\/2023\/08\/Spa_07_Hammam_Main.webp\" class=\"attachment-full size-full wp-image-3419\" alt=\"\" srcset=\"https:\/\/riad-elisa.com\/wp-content\/uploads\/2023\/08\/Spa_07_Hammam_Main.webp 1600w, https:\/\/riad-elisa.com\/wp-content\/uploads\/2023\/08\/Spa_07_Hammam_Main-300x201.webp 300w, https:\/\/riad-elisa.com\/wp-content\/uploads\/2023\/08\/Spa_07_Hammam_Main-1024x687.webp 1024w, https:\/\/riad-elisa.com\/wp-content\/uploads\/2023\/08\/Spa_07_Hammam_Main-768x516.webp 768w, https:\/\/riad-elisa.com\/wp-content\/uploads\/2023\/08\/Spa_07_Hammam_Main-1536x1031.webp 1536w\" sizes=\"(max-width: 1600px) 100vw, 1600px\" \/>\t\t\t\t\t\t\t\t\t\t\t\t\t\t\t<\/div>\n\t\t\t\t<\/div>\n\t\t\t\t\t<\/div>\n\t\t<\/div>\n\t\t\t\t<div class=\"elementor-column elementor-col-50 elementor-top-column elementor-element elementor-element-743c53c\" data-id=\"743c53c\" data-element_type=\"column\">\n\t\t\t<div class=\"elementor-widget-wrap elementor-element-populated\">\n\t\t\t\t\t\t\t\t<div class=\"elementor-element elementor-element-c96b6dd elementor-widget elementor-widget-heading\" data-id=\"c96b6dd\" data-element_type=\"widget\" data-widget_type=\"heading.default\">\n\t\t\t\t<div class=\"elementor-widget-container\">\n\t\t\t<h2 class=\"elementor-heading-title elementor-size-default\">HAMMAM<\/h2>\t\t<\/div>\n\t\t\t\t<\/div>\n\t\t\t\t<div class=\"elementor-element elementor-element-cffdf4e elementor-widget elementor-widget-text-editor\" data-id=\"cffdf4e\" data-element_type=\"widget\" data-widget_type=\"text-editor.default\">\n\t\t\t\t<div class=\"elementor-widget-container\">\n\t\t\t\t\t\t\t<p>Vous voudrez peut-\u00eatre commencer votre voyage dans un spa par un hammam marocain traditionnel. Ce traitement ancien trouve son origine dans l\u2019\u00e2ge m\u00e9di\u00e9val : un rituel de purification et de massage qui jouait un r\u00f4le important dans la soci\u00e9t\u00e9 de Marrakech. Vivez l\u2019exp\u00e9rience authentique de Marrakech.<\/p>\t\t\t\t\t\t<\/div>\n\t\t\t\t<\/div>\n\t\t\t\t\t<\/div>\n\t\t<\/div>\n\t\t\t\t\t\t\t<\/div>\n\t\t<\/section>\n\t\t\t\t<section class=\"elementor-section elementor-top-section elementor-element elementor-element-a448f4b elementor-section-full_width elementor-section-content-middle elementor-section-height-default elementor-section-height-default\" data-id=\"a448f4b\" data-element_type=\"section\">\n\t\t\t\t\t\t<div class=\"elementor-container elementor-column-gap-default\">\n\t\t\t\t\t<div class=\"elementor-column elementor-col-50 elementor-top-column elementor-element elementor-element-0b77c73\" data-id=\"0b77c73\" data-element_type=\"column\">\n\t\t\t<div class=\"elementor-widget-wrap elementor-element-populated\">\n\t\t\t\t\t\t\t\t<div class=\"elementor-element elementor-element-4c70dfc elementor-widget elementor-widget-heading\" data-id=\"4c70dfc\" data-element_type=\"widget\" data-widget_type=\"heading.default\">\n\t\t\t\t<div class=\"elementor-widget-container\">\n\t\t\t<h2 class=\"elementor-heading-title elementor-size-default\">MASSAGE<\/h2>\t\t<\/div>\n\t\t\t\t<\/div>\n\t\t\t\t<div class=\"elementor-element elementor-element-1e96b8b elementor-widget elementor-widget-text-editor\" data-id=\"1e96b8b\" data-element_type=\"widget\" data-widget_type=\"text-editor.default\">\n\t\t\t\t<div class=\"elementor-widget-container\">\n\t\t\t\t\t\t\t<p>Elisa Spa propose \u00e9galement une vari\u00e9t\u00e9 de massages relaxants. Choisissez parmi un massage aux pierres chaudes, un massage des tissus profonds ou un massage marocain. Si vous avez eu une journ\u00e9e de golf difficile, nous vous recommandons notre massage sp\u00e9cial golfeur qui vous aidera \u00e0 retrouver votre tonus musculaire. Notre traitement de r\u00e9flexologie est le meilleur rem\u00e8de apr\u00e8s une longue promenade dans les rues de la M\u00e9dina.<\/p>\t\t\t\t\t\t<\/div>\n\t\t\t\t<\/div>\n\t\t\t\t\t<\/div>\n\t\t<\/div>\n\t\t\t\t<div class=\"elementor-column elementor-col-50 elementor-top-column elementor-element elementor-element-fdf9e15\" data-id=\"fdf9e15\" data-element_type=\"column\">\n\t\t\t<div class=\"elementor-widget-wrap elementor-element-populated\">\n\t\t\t\t\t\t\t\t<div class=\"elementor-element elementor-element-3f2e21b elementor-widget elementor-widget-image\" data-id=\"3f2e21b\" data-element_type=\"widget\" data-widget_type=\"image.default\">\n\t\t\t\t<div class=\"elementor-widget-container\">\n\t\t\t\t\t\t\t\t\t\t\t\t\t\t\t<img decoding=\"async\" width=\"1600\" height=\"1020\" src=\"https:\/\/riad-elisa.com\/wp-content\/uploads\/2023\/08\/Spa_08_Massage_Main.webp\" class=\"attachment-full size-full wp-image-3421\" alt=\"\" srcset=\"https:\/\/riad-elisa.com\/wp-content\/uploads\/2023\/08\/Spa_08_Massage_Main.webp 1600w, https:\/\/riad-elisa.com\/wp-content\/uploads\/2023\/08\/Spa_08_Massage_Main-300x191.webp 300w, https:\/\/riad-elisa.com\/wp-content\/uploads\/2023\/08\/Spa_08_Massage_Main-1024x653.webp 1024w, https:\/\/riad-elisa.com\/wp-content\/uploads\/2023\/08\/Spa_08_Massage_Main-768x490.webp 768w, https:\/\/riad-elisa.com\/wp-content\/uploads\/2023\/08\/Spa_08_Massage_Main-1536x979.webp 1536w\" sizes=\"(max-width: 1600px) 100vw, 1600px\" \/>\t\t\t\t\t\t\t\t\t\t\t\t\t\t\t<\/div>\n\t\t\t\t<\/div>\n\t\t\t\t\t<\/div>\n\t\t<\/div>\n\t\t\t\t\t\t\t<\/div>\n\t\t<\/section>\n\t\t\t\t<section class=\"elementor-section elementor-top-section elementor-element elementor-element-132337c elementor-section-full_width elementor-section-content-middle elementor-reverse-mobile elementor-section-height-default elementor-section-height-default\" data-id=\"132337c\" data-element_type=\"section\">\n\t\t\t\t\t\t<div class=\"elementor-container elementor-column-gap-default\">\n\t\t\t\t\t<div class=\"elementor-column elementor-col-50 elementor-top-column elementor-element elementor-element-4e9aa65\" data-id=\"4e9aa65\" data-element_type=\"column\">\n\t\t\t<div class=\"elementor-widget-wrap elementor-element-populated\">\n\t\t\t\t\t\t\t\t<div class=\"elementor-element elementor-element-b82d6bc elementor-widget elementor-widget-image\" data-id=\"b82d6bc\" data-element_type=\"widget\" data-widget_type=\"image.default\">\n\t\t\t\t<div class=\"elementor-widget-container\">\n\t\t\t\t\t\t\t\t\t\t\t\t\t\t\t<img decoding=\"async\" width=\"1600\" height=\"1112\" src=\"https:\/\/riad-elisa.com\/wp-content\/uploads\/2023\/08\/Spa_08_Piscine_Main.webp\" class=\"attachment-full size-full wp-image-3423\" alt=\"\" srcset=\"https:\/\/riad-elisa.com\/wp-content\/uploads\/2023\/08\/Spa_08_Piscine_Main.webp 1600w, https:\/\/riad-elisa.com\/wp-content\/uploads\/2023\/08\/Spa_08_Piscine_Main-300x209.webp 300w, https:\/\/riad-elisa.com\/wp-content\/uploads\/2023\/08\/Spa_08_Piscine_Main-1024x712.webp 1024w, https:\/\/riad-elisa.com\/wp-content\/uploads\/2023\/08\/Spa_08_Piscine_Main-768x534.webp 768w, https:\/\/riad-elisa.com\/wp-content\/uploads\/2023\/08\/Spa_08_Piscine_Main-1536x1068.webp 1536w\" sizes=\"(max-width: 1600px) 100vw, 1600px\" \/>\t\t\t\t\t\t\t\t\t\t\t\t\t\t\t<\/div>\n\t\t\t\t<\/div>\n\t\t\t\t\t<\/div>\n\t\t<\/div>\n\t\t\t\t<div class=\"elementor-column elementor-col-50 elementor-top-column elementor-element elementor-element-a61534a\" data-id=\"a61534a\" data-element_type=\"column\">\n\t\t\t<div class=\"elementor-widget-wrap elementor-element-populated\">\n\t\t\t\t\t\t\t\t<div class=\"elementor-element elementor-element-ebb0f7e elementor-widget elementor-widget-heading\" data-id=\"ebb0f7e\" data-element_type=\"widget\" data-widget_type=\"heading.default\">\n\t\t\t\t<div class=\"elementor-widget-container\">\n\t\t\t<h2 class=\"elementor-heading-title elementor-size-default\">PISCINE<\/h2>\t\t<\/div>\n\t\t\t\t<\/div>\n\t\t\t\t<div class=\"elementor-element elementor-element-54d6f63 elementor-widget elementor-widget-text-editor\" data-id=\"54d6f63\" data-element_type=\"widget\" data-widget_type=\"text-editor.default\">\n\t\t\t\t<div class=\"elementor-widget-container\">\n\t\t\t\t\t\t\t<p>Profitez d\u2019une piscine chauff\u00e9e de 15 m\u00e8tres pour nager ou simplement vous d\u00e9tendre avant ou apr\u00e8s vos soins.<\/p>\t\t\t\t\t\t<\/div>\n\t\t\t\t<\/div>\n\t\t\t\t\t<\/div>\n\t\t<\/div>\n\t\t\t\t\t\t\t<\/div>\n\t\t<\/section>\n\t\t\t\t\t\t\t<\/div>\n\t\t","protected":false},"excerpt":{"rendered":"<p>Nous prenons soins de vous ELISA SPA Le spa Elisa est un \u00ab must \u00bb. Entrez par ses plafonds vo\u00fbt\u00e9s, allongez-vous dans son salon de relaxation en \u00e9coutant le doux murmure de la fontaine principale, et suivez le chemin des bougies jusqu\u2019\u00e0 nos salles de soins exclusives o\u00f9 nos th\u00e9rapeutes exp\u00e9riment\u00e9s vous guideront dans le &#8230; <a title=\"Spa\" class=\"read-more\" href=\"https:\/\/riad-elisa.com\/fr\/spa\/\" aria-label=\"Read more about Spa\">Lire la suite<\/a><\/p>\n","protected":false},"author":2,"featured_media":0,"parent":0,"menu_order":0,"comment_status":"closed","ping_status":"closed","template":"","meta":{"_uf_show_specific_survey":0,"_uf_disable_surveys":false,"footnotes":""},"_links":{"self":[{"href":"https:\/\/riad-elisa.com\/fr\/wp-json\/wp\/v2\/pages\/3711"}],"collection":[{"href":"https:\/\/riad-elisa.com\/fr\/wp-json\/wp\/v2\/pages"}],"about":[{"href":"https:\/\/riad-elisa.com\/fr\/wp-json\/wp\/v2\/types\/page"}],"author":[{"embeddable":true,"href":"https:\/\/riad-elisa.com\/fr\/wp-json\/wp\/v2\/users\/2"}],"replies":[{"embeddable":true,"href":"https:\/\/riad-elisa.com\/fr\/wp-json\/wp\/v2\/comments?post=3711"}],"version-history":[{"count":19,"href":"https:\/\/riad-elisa.com\/fr\/wp-json\/wp\/v2\/pages\/3711\/revisions"}],"predecessor-version":[{"id":3958,"href":"https:\/\/riad-elisa.com\/fr\/wp-json\/wp\/v2\/pages\/3711\/revisions\/3958"}],"wp:attachment":[{"href":"https:\/\/riad-elisa.com\/fr\/wp-json\/wp\/v2\/media?parent=3711"}],"curies":[{"name":"wp","href":"https:\/\/api.w.org\/{rel}","templated":true}]}}