{"id":3724,"date":"2023-02-04T18:11:09","date_gmt":"2023-02-04T18:11:09","guid":{"rendered":"https:\/\/riad-elisa.com\/suites\/duplex-suites\/"},"modified":"2023-08-26T18:20:43","modified_gmt":"2023-08-26T18:20:43","slug":"duplex-suites","status":"publish","type":"page","link":"https:\/\/riad-elisa.com\/fr\/suites\/duplex-suites\/","title":{"rendered":"Suites Duplex"},"content":{"rendered":"\t\t<div data-elementor-type=\"wp-page\" data-elementor-id=\"3724\" class=\"elementor elementor-3724 elementor-422\" data-elementor-post-type=\"page\">\n\t\t\t\t\t\t\t\t\t<section class=\"elementor-section elementor-top-section elementor-element elementor-element-f603c35 elementor-section-full_width elementor-section-content-top elementor-section-height-min-height elementor-section-items-top elementor-section-height-default\" data-id=\"f603c35\" data-element_type=\"section\">\n\t\t\t\t\t\t<div class=\"elementor-container elementor-column-gap-default\">\n\t\t\t\t\t<div class=\"elementor-column elementor-col-66 elementor-top-column elementor-element elementor-element-d9518ff\" data-id=\"d9518ff\" data-element_type=\"column\" data-settings=\"{&quot;background_background&quot;:&quot;slideshow&quot;,&quot;background_slideshow_gallery&quot;:[{&quot;id&quot;:3298,&quot;url&quot;:&quot;http:\\\/\\\/riad-elisa.com\\\/wp-content\\\/uploads\\\/2023\\\/08\\\/01_Duplex_DSC4021.webp&quot;},{&quot;id&quot;:3300,&quot;url&quot;:&quot;http:\\\/\\\/riad-elisa.com\\\/wp-content\\\/uploads\\\/2023\\\/08\\\/02_Duplex_DSC4028.webp&quot;},{&quot;id&quot;:3302,&quot;url&quot;:&quot;http:\\\/\\\/riad-elisa.com\\\/wp-content\\\/uploads\\\/2023\\\/08\\\/03_Duplex_DSC3998.webp&quot;},{&quot;id&quot;:3304,&quot;url&quot;:&quot;http:\\\/\\\/riad-elisa.com\\\/wp-content\\\/uploads\\\/2023\\\/08\\\/04_Duplex_DSC4007.webp&quot;},{&quot;id&quot;:3306,&quot;url&quot;:&quot;http:\\\/\\\/riad-elisa.com\\\/wp-content\\\/uploads\\\/2023\\\/08\\\/05_Duplex_DSC4031.webp&quot;},{&quot;id&quot;:3308,&quot;url&quot;:&quot;http:\\\/\\\/riad-elisa.com\\\/wp-content\\\/uploads\\\/2023\\\/08\\\/06_Duplex_DSC4014.webp&quot;}],&quot;background_slideshow_loop&quot;:&quot;yes&quot;,&quot;background_slideshow_slide_duration&quot;:5000,&quot;background_slideshow_slide_transition&quot;:&quot;fade&quot;,&quot;background_slideshow_transition_duration&quot;:500}\">\n\t\t\t<div class=\"elementor-widget-wrap elementor-element-populated\">\n\t\t\t\t\t\t\t\t<div class=\"elementor-element elementor-element-96617f7 elementor-widget elementor-widget-spacer\" data-id=\"96617f7\" data-element_type=\"widget\" data-widget_type=\"spacer.default\">\n\t\t\t\t<div class=\"elementor-widget-container\">\n\t\t\t\t\t<div class=\"elementor-spacer\">\n\t\t\t<div class=\"elementor-spacer-inner\"><\/div>\n\t\t<\/div>\n\t\t\t\t<\/div>\n\t\t\t\t<\/div>\n\t\t\t\t\t<\/div>\n\t\t<\/div>\n\t\t\t\t<div class=\"elementor-column elementor-col-33 elementor-top-column elementor-element elementor-element-274376d\" data-id=\"274376d\" data-element_type=\"column\">\n\t\t\t<div class=\"elementor-widget-wrap elementor-element-populated\">\n\t\t\t\t\t\t\t\t<section class=\"elementor-section elementor-inner-section elementor-element elementor-element-dcac34d elementor-section-height-min-height elementor-hidden-mobile elementor-section-boxed elementor-section-height-default\" data-id=\"dcac34d\" data-element_type=\"section\" data-settings=\"{&quot;background_background&quot;:&quot;classic&quot;}\">\n\t\t\t\t\t\t<div class=\"elementor-container elementor-column-gap-default\">\n\t\t\t\t\t<div class=\"elementor-column elementor-col-100 elementor-inner-column elementor-element elementor-element-38774f8\" data-id=\"38774f8\" data-element_type=\"column\">\n\t\t\t<div class=\"elementor-widget-wrap elementor-element-populated\">\n\t\t\t\t\t\t\t\t<div class=\"elementor-element elementor-element-a3537a8 elementor-widget elementor-widget-heading\" data-id=\"a3537a8\" data-element_type=\"widget\" data-widget_type=\"heading.default\">\n\t\t\t\t<div class=\"elementor-widget-container\">\n\t\t\t<h2 class=\"elementor-heading-title elementor-size-default\">V\u00e9rifier les disponibilit\u00e9s\n<\/h2>\t\t<\/div>\n\t\t\t\t<\/div>\n\t\t\t\t<div class=\"elementor-element elementor-element-cdcc38a elementor-widget elementor-widget-html\" data-id=\"cdcc38a\" data-element_type=\"widget\" data-widget_type=\"html.default\">\n\t\t\t\t<div class=\"elementor-widget-container\">\n\t\t\t\n<style>.form-col:not(:first-child){\n width: 100%;\n margin-top: 7%;\n}\n\n.bookingForm input{\n    width: 100%;\n    height: 55px;\n    background: transparent;\n    border: 1px solid #8F8E8B;\n    border-radius: 0px;\n    color: #8F8E8B;\n    font-weight: 300;\n    padding: 0 5px;\n}\n\n#book-btn{\n    width: 100%;\n    height: 55px;\n    border: 1px solid #53626C;\n    background: transparent;\n    color: #53626C;\n    font-weight: 500;\n    text-transform: uppercase;\n    font-size: 12px;\n    letter-spacing: 1px;\n    border-radius: 0px;\n}\n\n#book-btn:hover{\n    background: #CE9D54;\n    border-color: #CE9D54;\n    color: #fff;\n}\n\n.bookingForm label{\n    font-size: 12px;\n    text-transform: uppercase;\n    letter-spacing: 2px;\n}\n\n\n<\/style><div class=\"bookingForm\"><div class=\"form-row\"><div class=\"form-col\"><label>DATE D'ARRIV\u00c9E<br><input type=\"date\" id=\"start-date\" name=\"start-date\"><\/label><\/div><div class=\"form-col\"><label>DATE DE D\u00c9PART<br><input type=\"date\" id=\"end-date\" name=\"end-date\"><\/label><\/div><div class=\"form-col\"><label>CODE PROMO<input type=\"text\" placeholder=\"Saisir votre code...\" id=\"promo-code\" name=\"promo-code\"><\/label><\/div><div class=\"form-col\"><button type=\"button\" id=\"book-btn\">R\u00c9SERVER \u2192\n<\/button><\/div><\/div><\/div>\t\t<\/div>\n\t\t\t\t<\/div>\n\t\t\t\t\t<\/div>\n\t\t<\/div>\n\t\t\t\t\t\t\t<\/div>\n\t\t<\/section>\n\t\t\t\t<div class=\"elementor-element elementor-element-5da0966 elementor-widget__width-auto open-searchbox-01 elementor-mobile-align-justify elementor-widget-mobile__width-inherit elementor-hidden-desktop elementor-hidden-tablet elementor-widget elementor-widget-button\" data-id=\"5da0966\" data-element_type=\"widget\" data-widget_type=\"button.default\">\n\t\t\t\t<div class=\"elementor-widget-container\">\n\t\t\t\t\t<div class=\"elementor-button-wrapper\">\n\t\t\t<a class=\"elementor-button elementor-button-link elementor-size-md\" href=\"#\">\n\t\t\t\t\t\t<span class=\"elementor-button-content-wrapper\">\n\t\t\t\t\t\t<span class=\"elementor-button-text\">R\u00c9SERVER EN LIGNE \u2192<\/span>\n\t\t<\/span>\n\t\t\t\t\t<\/a>\n\t\t<\/div>\n\t\t\t\t<\/div>\n\t\t\t\t<\/div>\n\t\t\t\t\t<\/div>\n\t\t<\/div>\n\t\t\t\t\t\t\t<\/div>\n\t\t<\/section>\n\t\t\t\t<section class=\"elementor-section elementor-top-section elementor-element elementor-element-db344d8 elementor-section-full_width elementor-section-height-default elementor-section-height-default\" data-id=\"db344d8\" data-element_type=\"section\">\n\t\t\t\t\t\t<div class=\"elementor-container elementor-column-gap-default\">\n\t\t\t\t\t<div class=\"elementor-column elementor-col-100 elementor-top-column elementor-element elementor-element-0aea7b2\" data-id=\"0aea7b2\" data-element_type=\"column\">\n\t\t\t<div class=\"elementor-widget-wrap elementor-element-populated\">\n\t\t\t\t\t\t\t\t<div class=\"elementor-element elementor-element-7e9c128 elementor-widget elementor-widget-text-editor\" data-id=\"7e9c128\" data-element_type=\"widget\" data-widget_type=\"text-editor.default\">\n\t\t\t\t<div class=\"elementor-widget-container\">\n\t\t\t\t\t\t\t<p>Ces chambres en duplex au Riad Elisa Marrakech sont r\u00e9parties sur deux \u00e9tages. L\u2019ent\u00e9e est situ\u00e9e au niveau du Patio avec un espace de vie accueillant s\u2019ouvrant directement sur le Patio principal du Riad, profitez de la douce odeur des fleurs locales, \u00e9coutez l\u2019eau qui coule dans la fontaine et d\u00e9tendez-vous en buvant un verre de vin au cr\u00e9puscule sur le canap\u00e9. La chambre spacieuse et la salle de bains sont situ\u00e9es au premier \u00e9tage, une intimit\u00e9 totale pour votre d\u00e9tente. Une distribution unique qui vous permet de dormir au c\u0153ur m\u00eame du Riad.<\/p><p><strong>Type :<\/strong> Suites Duplex (35 \u00e0 40m\u00b2)<br \/><strong>Capacit\u00e9 :<\/strong> 3 personnes (1 lit queen size \u2013 160cm + 1 lit additionnel)<\/p>\t\t\t\t\t\t<\/div>\n\t\t\t\t<\/div>\n\t\t\t\t<div class=\"elementor-element elementor-element-beff63e elementor-widget-divider--view-line elementor-widget elementor-widget-divider\" data-id=\"beff63e\" data-element_type=\"widget\" data-widget_type=\"divider.default\">\n\t\t\t\t<div class=\"elementor-widget-container\">\n\t\t\t\t\t<div class=\"elementor-divider\">\n\t\t\t<span class=\"elementor-divider-separator\">\n\t\t\t\t\t\t<\/span>\n\t\t<\/div>\n\t\t\t\t<\/div>\n\t\t\t\t<\/div>\n\t\t\t\t<section class=\"elementor-section elementor-inner-section elementor-element elementor-element-f5e7c26 elementor-section-full_width elementor-section-height-default elementor-section-height-default\" data-id=\"f5e7c26\" data-element_type=\"section\">\n\t\t\t\t\t\t<div class=\"elementor-container elementor-column-gap-default\">\n\t\t\t\t\t<div class=\"elementor-column elementor-col-50 elementor-inner-column elementor-element elementor-element-5dd1582\" data-id=\"5dd1582\" data-element_type=\"column\">\n\t\t\t<div class=\"elementor-widget-wrap elementor-element-populated\">\n\t\t\t\t\t\t\t\t<div class=\"elementor-element elementor-element-951158c elementor-align-left elementor-icon-list--layout-traditional elementor-list-item-link-full_width elementor-widget elementor-widget-icon-list\" data-id=\"951158c\" data-element_type=\"widget\" data-widget_type=\"icon-list.default\">\n\t\t\t\t<div class=\"elementor-widget-container\">\n\t\t\t\t\t<ul class=\"elementor-icon-list-items\">\n\t\t\t\t\t\t\t<li class=\"elementor-icon-list-item\">\n\t\t\t\t\t\t\t\t\t\t\t<span class=\"elementor-icon-list-icon\">\n\t\t\t\t\t\t\t<i aria-hidden=\"true\" class=\"fas fa-bed\"><\/i>\t\t\t\t\t\t<\/span>\n\t\t\t\t\t\t\t\t\t\t<span class=\"elementor-icon-list-text\">Produits d'accueil<\/span>\n\t\t\t\t\t\t\t\t\t<\/li>\n\t\t\t\t\t\t\t\t<li class=\"elementor-icon-list-item\">\n\t\t\t\t\t\t\t\t\t\t\t<span class=\"elementor-icon-list-icon\">\n\t\t\t\t\t\t\t<i aria-hidden=\"true\" class=\"fas fa-wifi\"><\/i>\t\t\t\t\t\t<\/span>\n\t\t\t\t\t\t\t\t\t\t<span class=\"elementor-icon-list-text\">Acc\u00e8s internet Wifi<\/span>\n\t\t\t\t\t\t\t\t\t<\/li>\n\t\t\t\t\t\t\t\t<li class=\"elementor-icon-list-item\">\n\t\t\t\t\t\t\t\t\t\t\t<span class=\"elementor-icon-list-icon\">\n\t\t\t\t\t\t\t<i aria-hidden=\"true\" class=\"fas fa-wind\"><\/i>\t\t\t\t\t\t<\/span>\n\t\t\t\t\t\t\t\t\t\t<span class=\"elementor-icon-list-text\">Climatisation r\u00e9versible<\/span>\n\t\t\t\t\t\t\t\t\t<\/li>\n\t\t\t\t\t\t\t\t<li class=\"elementor-icon-list-item\">\n\t\t\t\t\t\t\t\t\t\t\t<span class=\"elementor-icon-list-icon\">\n\t\t\t\t\t\t\t<i aria-hidden=\"true\" class=\"fas fa-lock\"><\/i>\t\t\t\t\t\t<\/span>\n\t\t\t\t\t\t\t\t\t\t<span class=\"elementor-icon-list-text\">Coffre fort<\/span>\n\t\t\t\t\t\t\t\t\t<\/li>\n\t\t\t\t\t\t\t\t<li class=\"elementor-icon-list-item\">\n\t\t\t\t\t\t\t\t\t\t\t<span class=\"elementor-icon-list-icon\">\n\t\t\t\t\t\t\t<i aria-hidden=\"true\" class=\"fas fa-tv\"><\/i>\t\t\t\t\t\t<\/span>\n\t\t\t\t\t\t\t\t\t\t<span class=\"elementor-icon-list-text\">LCD satellite TV<\/span>\n\t\t\t\t\t\t\t\t\t<\/li>\n\t\t\t\t\t\t<\/ul>\n\t\t\t\t<\/div>\n\t\t\t\t<\/div>\n\t\t\t\t\t<\/div>\n\t\t<\/div>\n\t\t\t\t<div class=\"elementor-column elementor-col-50 elementor-inner-column elementor-element elementor-element-1ef6c33\" data-id=\"1ef6c33\" data-element_type=\"column\">\n\t\t\t<div class=\"elementor-widget-wrap elementor-element-populated\">\n\t\t\t\t\t\t\t\t<div class=\"elementor-element elementor-element-191c3f0 elementor-align-left elementor-icon-list--layout-traditional elementor-list-item-link-full_width elementor-widget elementor-widget-icon-list\" data-id=\"191c3f0\" data-element_type=\"widget\" data-widget_type=\"icon-list.default\">\n\t\t\t\t<div class=\"elementor-widget-container\">\n\t\t\t\t\t<ul class=\"elementor-icon-list-items\">\n\t\t\t\t\t\t\t<li class=\"elementor-icon-list-item\">\n\t\t\t\t\t\t\t\t\t\t\t<span class=\"elementor-icon-list-icon\">\n\t\t\t\t\t\t\t<i aria-hidden=\"true\" class=\"fas fa-shower\"><\/i>\t\t\t\t\t\t<\/span>\n\t\t\t\t\t\t\t\t\t\t<span class=\"elementor-icon-list-text\">Baignoire<\/span>\n\t\t\t\t\t\t\t\t\t<\/li>\n\t\t\t\t\t\t\t\t<li class=\"elementor-icon-list-item\">\n\t\t\t\t\t\t\t\t\t\t\t<span class=\"elementor-icon-list-icon\">\n\t\t\t\t\t\t\t<i aria-hidden=\"true\" class=\"fas fa-pump-soap\"><\/i>\t\t\t\t\t\t<\/span>\n\t\t\t\t\t\t\t\t\t\t<span class=\"elementor-icon-list-text\">Produits de toilette<\/span>\n\t\t\t\t\t\t\t\t\t<\/li>\n\t\t\t\t\t\t\t\t<li class=\"elementor-icon-list-item\">\n\t\t\t\t\t\t\t\t\t\t\t<span class=\"elementor-icon-list-icon\">\n\t\t\t\t\t\t\t<i aria-hidden=\"true\" class=\"fas fa-bath\"><\/i>\t\t\t\t\t\t<\/span>\n\t\t\t\t\t\t\t\t\t\t<span class=\"elementor-icon-list-text\">Peignoir et pantoufles<\/span>\n\t\t\t\t\t\t\t\t\t<\/li>\n\t\t\t\t\t\t\t\t<li class=\"elementor-icon-list-item\">\n\t\t\t\t\t\t\t\t\t\t\t<span class=\"elementor-icon-list-icon\">\n\t\t\t\t\t\t\t<i aria-hidden=\"true\" class=\"fas fa-female\"><\/i>\t\t\t\t\t\t<\/span>\n\t\t\t\t\t\t\t\t\t\t<span class=\"elementor-icon-list-text\">S\u00e8che-cheveux<\/span>\n\t\t\t\t\t\t\t\t\t<\/li>\n\t\t\t\t\t\t<\/ul>\n\t\t\t\t<\/div>\n\t\t\t\t<\/div>\n\t\t\t\t\t<\/div>\n\t\t<\/div>\n\t\t\t\t\t\t\t<\/div>\n\t\t<\/section>\n\t\t\t\t<div class=\"elementor-element elementor-element-f7f3f9c elementor-widget-divider--view-line elementor-widget elementor-widget-divider\" data-id=\"f7f3f9c\" data-element_type=\"widget\" data-widget_type=\"divider.default\">\n\t\t\t\t<div class=\"elementor-widget-container\">\n\t\t\t\t\t<div class=\"elementor-divider\">\n\t\t\t<span class=\"elementor-divider-separator\">\n\t\t\t\t\t\t<\/span>\n\t\t<\/div>\n\t\t\t\t<\/div>\n\t\t\t\t<\/div>\n\t\t\t\t\t<\/div>\n\t\t<\/div>\n\t\t\t\t\t\t\t<\/div>\n\t\t<\/section>\n\t\t\t\t<section class=\"elementor-section elementor-top-section elementor-element elementor-element-8045475 elementor-section-full_width elementor-section-height-default elementor-section-height-default\" data-id=\"8045475\" data-element_type=\"section\">\n\t\t\t\t\t\t<div class=\"elementor-container elementor-column-gap-default\">\n\t\t\t\t\t<div class=\"elementor-column elementor-col-100 elementor-top-column elementor-element elementor-element-7a75b72\" data-id=\"7a75b72\" data-element_type=\"column\">\n\t\t\t<div class=\"elementor-widget-wrap elementor-element-populated\">\n\t\t\t\t\t\t\t\t<div class=\"elementor-element elementor-element-992746c elementor-widget elementor-widget-heading\" data-id=\"992746c\" data-element_type=\"widget\" data-widget_type=\"heading.default\">\n\t\t\t\t<div class=\"elementor-widget-container\">\n\t\t\t<h4 class=\"elementor-heading-title elementor-size-default\">Pour une bonne nuit de sommeil\n<\/h4>\t\t<\/div>\n\t\t\t\t<\/div>\n\t\t\t\t<div class=\"elementor-element elementor-element-0fb859d elementor-widget elementor-widget-heading\" data-id=\"0fb859d\" data-element_type=\"widget\" data-widget_type=\"heading.default\">\n\t\t\t\t<div class=\"elementor-widget-container\">\n\t\t\t<h3 class=\"elementor-heading-title elementor-size-default\">DECOUVREZ NOS\n<br>\nCHAMBRES & SUITES<\/h3>\t\t<\/div>\n\t\t\t\t<\/div>\n\t\t\t\t<div class=\"elementor-element elementor-element-5247198 elementor-widget elementor-widget-text-editor\" data-id=\"5247198\" data-element_type=\"widget\" data-widget_type=\"text-editor.default\">\n\t\t\t\t<div class=\"elementor-widget-container\">\n\t\t\t\t\t\t\t<p>Le Riad Elisa propose treize chambres et suites, uniques par leur caract\u00e8re et leur style, donnant sur le patio principal du Riad. Choisissez la cat\u00e9gorie de chambre qui correspond le mieux \u00e0 vos besoins et pr\u00e9parez-vous \u00e0 profiter de votre s\u00e9jour \u00e0 Marrakech.<\/p>\t\t\t\t\t\t<\/div>\n\t\t\t\t<\/div>\n\t\t\t\t\t<\/div>\n\t\t<\/div>\n\t\t\t\t\t\t\t<\/div>\n\t\t<\/section>\n\t\t\t\t<section class=\"elementor-section elementor-top-section elementor-element elementor-element-4429528 elementor-section-full_width elementor-section-height-default elementor-section-height-default\" data-id=\"4429528\" data-element_type=\"section\">\n\t\t\t\t\t\t<div class=\"elementor-container elementor-column-gap-default\">\n\t\t\t\t\t<div class=\"elementor-column elementor-col-100 elementor-top-column elementor-element elementor-element-21d77f8\" data-id=\"21d77f8\" data-element_type=\"column\">\n\t\t\t<div class=\"elementor-widget-wrap elementor-element-populated\">\n\t\t\t\t\t\t\t\t<div class=\"elementor-element elementor-element-2207c81 elementor-skin-carousel elementor-arrows-yes elementor-widget elementor-widget-media-carousel\" data-id=\"2207c81\" data-element_type=\"widget\" data-settings=\"{&quot;slides_per_view&quot;:&quot;4&quot;,&quot;slides_to_scroll&quot;:&quot;1&quot;,&quot;skin&quot;:&quot;carousel&quot;,&quot;effect&quot;:&quot;slide&quot;,&quot;show_arrows&quot;:&quot;yes&quot;,&quot;speed&quot;:500,&quot;autoplay&quot;:&quot;yes&quot;,&quot;autoplay_speed&quot;:5000,&quot;loop&quot;:&quot;yes&quot;,&quot;pause_on_hover&quot;:&quot;yes&quot;,&quot;pause_on_interaction&quot;:&quot;yes&quot;,&quot;space_between&quot;:{&quot;unit&quot;:&quot;px&quot;,&quot;size&quot;:10,&quot;sizes&quot;:[]},&quot;space_between_tablet&quot;:{&quot;unit&quot;:&quot;px&quot;,&quot;size&quot;:10,&quot;sizes&quot;:[]},&quot;space_between_mobile&quot;:{&quot;unit&quot;:&quot;px&quot;,&quot;size&quot;:10,&quot;sizes&quot;:[]}}\" data-widget_type=\"media-carousel.default\">\n\t\t\t\t<div class=\"elementor-widget-container\">\n\t\t\t\t\t<div class=\"elementor-swiper\">\n\t\t\t<div class=\"elementor-main-swiper swiper-container\">\n\t\t\t\t<div class=\"swiper-wrapper\">\n\t\t\t\t\t\t\t\t\t\t\t<div class=\"swiper-slide\">\n\t\t\t\t\t\t\t<a href=\"\/fr\/room-suites\/standard-room\/\">\t\t<div class=\"elementor-carousel-image\" role=\"img\" aria-label=\"Chambre Standard\" style=\"background-image: url(&#039;https:\/\/riad-elisa.com\/wp-content\/uploads\/2023\/08\/01_Standard_DSC4107.webp&#039;)\">\n\n\t\t\t\n\t\t\t\t\t<\/div>\n\t\t\t\t\t<div class=\"elementor-carousel-image-overlay e-overlay-animation-slide-up\">\n\t\t\t\tChambre Standard\t\t\t<\/div>\n\t\t\t<\/a>\t\t\t\t\t\t<\/div>\n\t\t\t\t\t\t\t\t\t\t\t<div class=\"swiper-slide\">\n\t\t\t\t\t\t\t<a href=\"\/fr\/room-suites\/duplex-suites\/\">\t\t<div class=\"elementor-carousel-image\" role=\"img\" aria-label=\"Suites Duplex\" style=\"background-image: url(&#039;https:\/\/riad-elisa.com\/wp-content\/uploads\/2023\/08\/01_Duplex_DSC4021.webp&#039;)\">\n\n\t\t\t\n\t\t\t\t\t<\/div>\n\t\t\t\t\t<div class=\"elementor-carousel-image-overlay e-overlay-animation-slide-up\">\n\t\t\t\tSuites Duplex\t\t\t<\/div>\n\t\t\t<\/a>\t\t\t\t\t\t<\/div>\n\t\t\t\t\t\t\t\t\t\t\t<div class=\"swiper-slide\">\n\t\t\t\t\t\t\t<a href=\"\/fr\/room-suites\/junior-suites\/\">\t\t<div class=\"elementor-carousel-image\" role=\"img\" aria-label=\"Suites Junior\" style=\"background-image: url(&#039;https:\/\/riad-elisa.com\/wp-content\/uploads\/2023\/08\/01_Junior_DSC4037.webp&#039;)\">\n\n\t\t\t\n\t\t\t\t\t<\/div>\n\t\t\t\t\t<div class=\"elementor-carousel-image-overlay e-overlay-animation-slide-up\">\n\t\t\t\tSuites Junior\t\t\t<\/div>\n\t\t\t<\/a>\t\t\t\t\t\t<\/div>\n\t\t\t\t\t\t\t\t\t\t\t<div class=\"swiper-slide\">\n\t\t\t\t\t\t\t<a href=\"\/fr\/room-suites\/deluxe-suite\/\">\t\t<div class=\"elementor-carousel-image\" role=\"img\" aria-label=\"Suite Deluxe\" style=\"background-image: url(&#039;https:\/\/riad-elisa.com\/wp-content\/uploads\/2023\/08\/01_Deluxe_DSC4468.webp&#039;)\">\n\n\t\t\t\n\t\t\t\t\t<\/div>\n\t\t\t\t\t<div class=\"elementor-carousel-image-overlay e-overlay-animation-slide-up\">\n\t\t\t\tSuite Deluxe\t\t\t<\/div>\n\t\t\t<\/a>\t\t\t\t\t\t<\/div>\n\t\t\t\t\t\t\t\t\t\t\t<div class=\"swiper-slide\">\n\t\t\t\t\t\t\t<a href=\"\/fr\/room-suites\/master-suite\/\">\t\t<div class=\"elementor-carousel-image\" role=\"img\" aria-label=\"Suite Master\" style=\"background-image: url(&#039;https:\/\/riad-elisa.com\/wp-content\/uploads\/2023\/08\/01_Master_DSC4240-1.webp&#039;)\">\n\n\t\t\t\n\t\t\t\t\t<\/div>\n\t\t\t\t\t<div class=\"elementor-carousel-image-overlay e-overlay-animation-slide-up\">\n\t\t\t\tSuite Master\t\t\t<\/div>\n\t\t\t<\/a>\t\t\t\t\t\t<\/div>\n\t\t\t\t\t\t\t\t\t<\/div>\n\t\t\t\t\t\t\t\t\t\t\t\t\t\t\t\t\t\t\t\t<div class=\"elementor-swiper-button elementor-swiper-button-prev\" role=\"button\" tabindex=\"0\">\n\t\t\t\t\t\t\t<i aria-hidden=\"true\" class=\"eicon-chevron-left\"><\/i>\t\t\t\t\t\t\t<span class=\"elementor-screen-only\">Previous<\/span>\n\t\t\t\t\t\t<\/div>\n\t\t\t\t\t\t<div class=\"elementor-swiper-button elementor-swiper-button-next\" role=\"button\" tabindex=\"0\">\n\t\t\t\t\t\t\t<i aria-hidden=\"true\" class=\"eicon-chevron-right\"><\/i>\t\t\t\t\t\t\t<span class=\"elementor-screen-only\">Next<\/span>\n\t\t\t\t\t\t<\/div>\n\t\t\t\t\t\t\t\t\t\t\t\t<\/div>\n\t\t<\/div>\n\t\t\t\t<\/div>\n\t\t\t\t<\/div>\n\t\t\t\t\t<\/div>\n\t\t<\/div>\n\t\t\t\t\t\t\t<\/div>\n\t\t<\/section>\n\t\t\t\t\t\t\t<\/div>\n\t\t","protected":false},"excerpt":{"rendered":"<p>V\u00e9rifier les disponibilit\u00e9s DATE D&rsquo;ARRIV\u00c9EDATE DE D\u00c9PARTCODE PROMOR\u00c9SERVER \u2192 R\u00c9SERVER EN LIGNE \u2192 Ces chambres en duplex au Riad Elisa Marrakech sont r\u00e9parties sur deux \u00e9tages. L\u2019ent\u00e9e est situ\u00e9e au niveau du Patio avec un espace de vie accueillant s\u2019ouvrant directement sur le Patio principal du Riad, profitez de la douce odeur des fleurs locales, &#8230; <a title=\"Suites Duplex\" class=\"read-more\" href=\"https:\/\/riad-elisa.com\/fr\/suites\/duplex-suites\/\" aria-label=\"Read more about Suites Duplex\">Lire la suite<\/a><\/p>\n","protected":false},"author":2,"featured_media":0,"parent":3718,"menu_order":0,"comment_status":"closed","ping_status":"closed","template":"","meta":{"_uf_show_specific_survey":0,"_uf_disable_surveys":false,"footnotes":""},"_links":{"self":[{"href":"https:\/\/riad-elisa.com\/fr\/wp-json\/wp\/v2\/pages\/3724"}],"collection":[{"href":"https:\/\/riad-elisa.com\/fr\/wp-json\/wp\/v2\/pages"}],"about":[{"href":"https:\/\/riad-elisa.com\/fr\/wp-json\/wp\/v2\/types\/page"}],"author":[{"embeddable":true,"href":"https:\/\/riad-elisa.com\/fr\/wp-json\/wp\/v2\/users\/2"}],"replies":[{"embeddable":true,"href":"https:\/\/riad-elisa.com\/fr\/wp-json\/wp\/v2\/comments?post=3724"}],"version-history":[{"count":17,"href":"https:\/\/riad-elisa.com\/fr\/wp-json\/wp\/v2\/pages\/3724\/revisions"}],"predecessor-version":[{"id":3860,"href":"https:\/\/riad-elisa.com\/fr\/wp-json\/wp\/v2\/pages\/3724\/revisions\/3860"}],"up":[{"embeddable":true,"href":"https:\/\/riad-elisa.com\/fr\/wp-json\/wp\/v2\/pages\/3718"}],"wp:attachment":[{"href":"https:\/\/riad-elisa.com\/fr\/wp-json\/wp\/v2\/media?parent=3724"}],"curies":[{"name":"wp","href":"https:\/\/api.w.org\/{rel}","templated":true}]}}